{"id":135,"date":"2020-08-17T19:12:35","date_gmt":"2020-08-17T22:12:35","guid":{"rendered":"http:\/\/shalon.shermam.net\/?page_id=135"},"modified":"2023-03-21T09:22:01","modified_gmt":"2023-03-21T12:22:01","slug":"sobre-nos","status":"publish","type":"page","link":"https:\/\/papelariashalon.com\/index.php\/sobre-nos\/","title":{"rendered":"Sobre n\u00f3s"},"content":{"rendered":"<p>Students are able to get their essays written by experts through an essay writing service. They know how challenging it is to maintain a balance between working and school, which is the reason they offer their assistance at an affordable price.<a href=\"https:\/\/cheapessayswriting.com\">When you&#8217;re brainstorming, write down all the topics that you think could be relevant to your essay writing service.<\/a>An essay writing service that is reliable is one that can provide unique papers that meet plagiarism testing without a hitch. You should be able receive customer service as well as a refund if you have any concerns.<\/p><p>An escort is a person who is hired to accompany someone else and <a href=\"https:\/\/nycescortmodels.com\/\">escorts nyc<\/a> spend time with them. This is legal and not prohibited under the law, as long as money exchanged for sex is not involved.<\/p><div data-colibri-id=\"135-c1\" class=\"style-430 style-local-135-c1 position-relative\">\n  <!---->\n  <div data-colibri-component=\"section\" data-colibri-id=\"135-c2\" id=\"custom\" class=\"h-section h-section-global-spacing d-flex align-items-lg-center align-items-md-center align-items-center style-431 style-local-135-c2 position-relative\">\n    <!---->\n    <!---->\n    <div class=\"h-section-grid-container h-section-boxed-container\">\n      <!---->\n      <div data-colibri-id=\"135-c3\" class=\"h-row-container gutters-row-lg-2 gutters-row-md-2 gutters-row-0 gutters-row-v-lg-2 gutters-row-v-md-2 gutters-row-v-2 style-432 style-local-135-c3 position-relative\">\n        <!---->\n        <div class=\"h-row justify-content-lg-center justify-content-md-center justify-content-center align-items-lg-stretch align-items-md-stretch align-items-stretch gutters-col-lg-2 gutters-col-md-2 gutters-col-0 gutters-col-v-lg-2 gutters-col-v-md-2 gutters-col-v-2\">\n          <!---->\n          <div class=\"h-column h-column-container d-flex h-col-lg-auto h-col-md-auto h-col-auto style-433-outer style-local-135-c4-outer\">\n            <div data-colibri-id=\"135-c4\" class=\"d-flex h-flex-basis h-column__inner h-px-lg-2 h-px-md-2 h-px-2 v-inner-lg-2 v-inner-md-2 v-inner-2 style-433 style-local-135-c4 position-relative\">\n              <!---->\n              <!---->\n              <div class=\"w-100 h-y-container h-column__content h-column__v-align flex-basis-100 align-self-lg-start align-self-md-start align-self-start\">\n                <!---->\n                <div data-colibri-id=\"135-c5\" class=\"h-text h-text-component style-434 style-local-135-c5 position-relative h-element\">\n                  <!---->\n                  <!---->\n                  <div class=\"\">\n                    <p>A Papelaria Shalon foi fundada no ano de 2000, e desde ent\u00e3o vem sendo gerenciada pelos membros da mesma fam\u00edlia.<\/p>\n                    <p>H\u00e1 20 anos no mercado, trabalhamos com uma linha bem diversificada de produtos e servi\u00e7os.<\/p>\n                    <ul>\n                      <li>Xerox;<\/li>\n                      <li>Revela\u00e7\u00e3o de foto;<\/li>\n                      <li>Foto 3&#215;4;<\/li>\n                      <li>Material Escolar;<\/li>\n                      <li>Material para escrit\u00f3rio;<\/li>\n                      <li>Impress\u00e3o de documentos;<\/li>\n                      <li>Presentes;<\/li>\n                      <li>Utilidades para casa;<\/li>\n                      <li>Cr\u00e9dito para celular;<\/li>\n                      <li>Lan house.<\/li>\n                    <\/ul>\n                    <p>\n                      <br>\n                    <\/p>\n                    <p>Oferecemos servi\u00e7os online com a mesma agilidade e prestreza dispensadas no nosso atendimento pessoal.<\/p>\n                    <p>Venha nos fazer uma visita!<\/p>\n                    <p>\n                      <br>\n                    <\/p>\n                  <\/div>\n                <\/div>\n              <\/div>\n            <\/div>\n          <\/div>\n          <div class=\"h-column h-column-container d-flex h-col-lg-auto h-col-md-auto h-col-auto style-435-outer style-local-135-c6-outer\">\n            <div data-colibri-id=\"135-c6\" class=\"d-flex h-flex-basis h-column__inner h-px-lg-2 h-px-md-2 h-px-2 v-inner-lg-2 v-inner-md-2 v-inner-2 style-435 style-local-135-c6 position-relative\">\n              <!---->\n              <!---->\n              <div class=\"w-100 h-y-container h-column__content h-column__v-align flex-basis-100 align-self-lg-start align-self-md-start align-self-start\">\n                <!---->\n                <div data-colibri-id=\"135-c7\" class=\"d-block style-436 style-local-135-c7 position-relative h-element\">\n                  <!---->\n                  <div class=\"h-image__frame-container-outer\">\n                    <div class=\"h-image__frame-container\">\n                      <!---->\n                      <!---->\n                      <img loading=\"lazy\" decoding=\"async\" width=\"448\" height=\"336\" src=\"https:\/\/papelariashalon.com\/wp-content\/uploads\/2020\/08\/cropped-Papelaria-shalon.jpg\" class=\"wp-image-315 style-436-image style-local-135-c7-image\" alt=\"fotos prateleiras da papelaria\" srcset=\"https:\/\/papelariashalon.com\/wp-content\/uploads\/2020\/08\/cropped-Papelaria-shalon.jpg 448w, https:\/\/papelariashalon.com\/wp-content\/uploads\/2020\/08\/cropped-Papelaria-shalon-300x225.jpg 300w\" sizes=\"auto, (max-width: 448px) 100vw, 448px\" \/>\n                      <div class=\"h-image__frame h-hide-lg h-hide-md h-hide-sm style-436-frameImage style-local-135-c7-frameImage\"><\/div>\n                    <\/div>\n                  <\/div>\n                <\/div>\n              <\/div>\n            <\/div>\n          <\/div>\n        <\/div>\n      <\/div>\n      <div data-colibri-id=\"135-c8\" class=\"h-row-container gutters-row-lg-2 gutters-row-md-2 gutters-row-0 gutters-row-v-lg-2 gutters-row-v-md-2 gutters-row-v-2 style-442 style-local-135-c8 position-relative\">\n        <!---->\n        <div class=\"h-row justify-content-lg-center justify-content-md-center justify-content-center align-items-lg-stretch align-items-md-stretch align-items-stretch gutters-col-lg-2 gutters-col-md-2 gutters-col-0 gutters-col-v-lg-2 gutters-col-v-md-2 gutters-col-v-2\">\n          <!---->\n          <div class=\"h-column h-column-container d-flex h-col-lg-6 h-col-md-6 h-col-12 style-445-outer style-local-135-c9-outer\">\n            <div data-colibri-id=\"135-c9\" class=\"d-flex h-flex-basis h-column__inner h-px-lg-2 h-px-md-2 h-px-2 v-inner-lg-2 v-inner-md-2 v-inner-2 style-445 style-local-135-c9 position-relative\">\n              <!---->\n              <!---->\n              <div class=\"w-100 h-y-container h-column__content h-column__v-align flex-basis-100 align-self-lg-start align-self-md-start align-self-start\">\n                <!---->\n                <div data-colibri-id=\"135-c10\" class=\"h-icon style-448 style-local-135-c10 position-relative h-element\">\n                  <!----><span class=\"h-svg-icon h-icon__icon style-448-icon style-local-135-c10-icon\"><!--Icon by Socicon (http:\/\/www.socicon.com)--><svg version=\"1.1\" xmlns=\"http:\/\/www.w3.org\/2000\/svg\" viewBox=\"0 0 1500 1500\">\n\n<path d=\"M462.891 916.992c0 0 2.93-84.961 20.508-111.328s38.086-46.875 64.453-61.523c26.367-11.719 43.945-17.578 64.453-29.297 0 0 5.859-2.93 11.719-5.859 17.578-11.719 49.805-32.227 52.734-52.734 0-20.508 0-20.508 0-32.227 0-8.789-5.859-32.227-8.789-38.086-8.789-17.578-20.508-5.859-26.367-29.297 0-5.859-2.93-38.086 0-41.016 0-5.859 5.859-8.789 5.859-8.789s0-17.578 0-26.367c0-5.859 0-41.016 14.648-61.523 17.578-20.508 23.438-35.156 84.961-35.156 58.594 2.93 67.383 20.508 79.102 35.156 11.719 20.508 14.648 58.594 14.648 84.961 0 5.859 5.859-5.859 5.859 11.719 2.93 8.789 0 29.297 0 41.016-2.93 23.438-17.578 8.789-26.367 32.227-2.93 11.719-2.93 26.367 0 43.945 0 17.578 0 23.438 11.719 38.086 8.789 14.648 23.438 26.367 49.805 38.086h2.93c29.297 11.719 55.664 20.508 79.102 38.086s29.297 23.438 38.086 41.016c5.859 17.578 11.719 61.523 11.719 76.172 2.93 17.578 5.859 38.086 5.859 38.086s5.859-35.156 26.367-49.805c20.508-17.578 23.438-20.508 49.805-32.227 23.438-11.719 20.508-5.859 46.875-20.508s35.156-20.508 41.016-29.297c5.859-8.789 8.789-23.438 2.93-32.227s-5.859-20.508-17.578-26.367c-14.648-11.719-11.719-32.227-20.508-38.086s-14.648-8.789-14.648-17.578c-2.93-11.719-5.859-23.438-2.93-46.875 2.93-20.508 2.93-11.719 5.859-20.508s5.859-32.227 8.789-43.945c5.859-8.789 8.789-23.438 17.578-32.227s29.297-32.227 73.242-38.086c26.367-2.93 43.945 0 64.453 5.859 23.438 8.789 49.805 41.016 55.664 58.594s5.859 26.367 5.859 41.016c0 2.93 0 8.789 0 23.438 0 5.859 5.859 11.719-2.93 55.664-5.859 14.648-5.859 20.508-20.508 32.227-8.789 5.859-11.719 20.508-20.508 26.367-11.719 8.789-8.789 23.438-5.859 38.086s11.719 14.648 26.367 23.438c14.648 8.789 87.891 41.016 108.398 70.313 17.578 29.297 43.945 43.945 49.805 128.906 5.859 29.297 2.93 35.156 2.93 67.383s2.93 38.086 2.93 67.383h-483.398c0 0-8.789-96.68-17.578-82.031-11.719 14.648-26.367 84.961-26.367 84.961h-477.539c0 0-14.648-70.313-20.508-84.961-5.859-8.789-11.719 84.961-11.719 84.961h-465.82c0 0 2.93-38.086 5.859-58.594 2.93-32.227 2.93-70.313 11.719-99.609 8.789-32.227 8.789-46.875 26.367-64.453 20.508-14.648 32.227-26.367 46.875-35.156 26.367-11.719 64.453-41.016 38.086-111.328-20.508-46.875 2.93-117.188 29.297-158.203 26.367-38.086 38.086-70.313 93.75-70.313s96.68 61.523 108.398 102.539c8.789 43.945 14.648 96.68 2.93 134.766-14.648 43.945 0 67.383 61.523 99.609 23.438 11.719 32.227 49.805 38.086 61.523z\"><\/path>\n<\/svg>\n<\/span><\/div>\n                <div data-colibri-id=\"135-c11\" class=\"h-text h-text-component style-451 style-local-135-c11 position-relative h-element\">\n                  <!---->\n                  <!---->\n                  <div class=\"\">\n                    <p><span style=\"font-weight: 400; font-size: 14px; font-family: Verdana, Geneva, sans-serif; color: rgb(20, 20, 20);\">ATENDIMENTO:<\/span><\/p>\n                    <p><span style=\"font-weight: 400; font-size: 14px; font-family: Verdana, Geneva, sans-serif; color: rgb(20, 20, 20);\">Sempre prezamos pelo atendimento diferenciado. Promovendo um ambiente saud\u00e1vel e familiar para nossos clientes.<\/span><\/p>\n                  <\/div>\n                <\/div>\n              <\/div>\n            <\/div>\n          <\/div>\n          <div class=\"h-column h-column-container d-flex h-col-lg-6 h-col-md-6 h-col-12 style-446-outer style-local-135-c12-outer\">\n            <div data-colibri-id=\"135-c12\" class=\"d-flex h-flex-basis h-column__inner h-px-lg-2 h-px-md-2 h-px-2 v-inner-lg-2 v-inner-md-2 v-inner-2 style-446 style-local-135-c12 position-relative\">\n              <!---->\n              <!---->\n              <div class=\"w-100 h-y-container h-column__content h-column__v-align flex-basis-100 align-self-lg-start align-self-md-start align-self-start\">\n                <!---->\n                <div data-colibri-id=\"135-c13\" class=\"h-icon style-450 style-local-135-c13 position-relative h-element\">\n                  <!----><span class=\"h-svg-icon h-icon__icon style-450-icon style-local-135-c13-icon\"><!--Icon by Font Awesome (https:\/\/fontawesome.com)--><svg version=\"1.1\" xmlns=\"http:\/\/www.w3.org\/2000\/svg\" xmlns:xlink=\"http:\/\/www.w3.org\/1999\/xlink\" id=\"map-marker\" viewBox=\"0 0 1049.8953 1896.0833\"><path d=\"M768 640q0-106-75-181t-181-75-181 75-75 181 75 181 181 75 181-75 75-181zm256 0q0 109-33 179l-364 774q-16 33-47.5 52t-67.5 19-67.5-19-46.5-52L33 819Q0 749 0 640q0-212 150-362t362-150 362 150 150 362z\"><\/path><\/svg><\/span><\/div>\n                <div\n                  data-colibri-id=\"135-c14\" class=\"h-text h-text-component style-452 style-local-135-c14 position-relative h-element\">\n                  <!---->\n                  <!---->\n                  <div class=\"\">\n                    <p><span style=\"color: rgb(20, 20, 20); font-family: Verdana, Geneva, sans-serif; font-size: 14px; font-weight: 400;\">LOCALIZA\u00c7\u00c3O:<\/span><\/p>\n                    <p><span style=\"color: rgb(20, 20, 20); font-family: Verdana, Geneva, sans-serif; font-size: 14px; font-weight: 400;\">Nossa localiza\u00e7\u00e3o privilegiada garante facilidade de acesso aos nossos clientes, visto que estamos em uma das ruas com mais op\u00e7\u00f5es de com\u00e9rcio do bairro Jo\u00e3o Pinheiro.<\/span><\/p>\n                  <\/div>\n              <\/div>\n            <\/div>\n          <\/div>\n        <\/div>\n      <\/div>\n    <\/div>\n  <\/div>\n<\/div>\n<div data-colibri-component=\"section\" data-colibri-id=\"135-c15\" id=\"custom-2\" class=\"h-section h-section-global-spacing d-flex align-items-lg-center align-items-md-center align-items-center style-437 style-local-135-c15 position-relative\">\n  <!---->\n  <!---->\n  <div class=\"h-section-grid-container h-section-boxed-container\">\n    <!---->\n    <div data-colibri-id=\"135-c16\" class=\"h-row-container gutters-row-lg-2 gutters-row-md-2 gutters-row-0 gutters-row-v-lg-2 gutters-row-v-md-2 gutters-row-v-2 style-438 style-local-135-c16 position-relative\">\n      <!---->\n      <div class=\"h-row justify-content-lg-center justify-content-md-center justify-content-center align-items-lg-stretch align-items-md-stretch align-items-stretch gutters-col-lg-2 gutters-col-md-2 gutters-col-0 gutters-col-v-lg-2 gutters-col-v-md-2 gutters-col-v-2\">\n        <!---->\n        <div class=\"h-column h-column-container d-flex h-col-lg-auto h-col-md-auto h-col-auto style-439-outer style-local-135-c17-outer\">\n          <div data-colibri-id=\"135-c17\" class=\"d-flex h-flex-basis h-column__inner h-px-lg-2 h-px-md-2 h-px-2 v-inner-lg-2 v-inner-md-2 v-inner-2 style-439 style-local-135-c17 position-relative\">\n            <!---->\n            <!---->\n            <div class=\"w-100 h-y-container h-column__content h-column__v-align flex-basis-100 align-self-lg-start align-self-md-start align-self-start\">\n              <!---->\n              <div data-colibri-id=\"135-c18\" class=\"h-x-container style-440 style-local-135-c18 position-relative h-element\">\n                <!---->\n                <div class=\"h-x-container-inner style-dynamic-135-c18-group\">\n                  <!----><span class=\"h-button__outer style-441-outer style-local-135-c19-outer d-inline-flex h-element\"><a  h-use-smooth-scroll=\"true\" href=\"https:\/\/papelariashalon.com\/\"  data-colibri-id=\"135-c19\" class=\"d-flex w-100 align-items-center h-button justify-content-lg-center justify-content-md-center justify-content-center style-441 style-local-135-c19 position-relative\"><!----><!----> <span >voltar para p\u00e1gina inicial<\/span><\/a>\n                  <\/span>\n                <\/div>\n              <\/div>\n            <\/div>\n          <\/div>\n        <\/div>\n      <\/div>\n    <\/div>\n  <\/div>\n<\/div>\n<\/div><p>Essay writing services are an efficient way to have your work completed in a hurry. It can also give you a good idea of what an effective essay must look like, so you&#8217;ll be able to improve your own writing skills.<a href=\"https:\/\/top-writers.net\" rel=\"sponsored\">Essay writer helper is a service that helps students with their academic writing assignments.<\/a>The top essay writing services come with numerous features that set them distinct from other services with a guarantee of money back and confidentiality. To ensure you will receive top-quality writing You have the choice to choose from their large list of candidates.<\/p>","protected":false},"excerpt":{"rendered":"<p>Students are able to get their essays written by experts through an essay writing service. They know how challenging it is to maintain a balance between working and school, which is the reason they offer their assistance at an affordable price.When you&#8217;re brainstorming, write down all the topics that you think could be relevant to [&hellip;]<\/p>\n","protected":false},"author":1,"featured_media":0,"parent":0,"menu_order":0,"comment_status":"closed","ping_status":"closed","template":"","meta":{"footnotes":""},"class_list":["post-135","page","type-page","status-publish","hentry"],"yoast_head":"<!-- This site is optimized with the Yoast SEO plugin v25.9 - https:\/\/yoast.com\/wordpress\/plugins\/seo\/ -->\n<title>Sobre n\u00f3s - Papelaria Shalon<\/title>\n<meta name=\"description\" content=\"Xerox; Revela\u00e7\u00e3o de foto; Foto 3X4; Material Escolar; Material para escrit\u00f3rio; Impress\u00e3o de documentos; Presentes; Utilidades para casa.\" \/>\n<meta name=\"robots\" content=\"index, follow, max-snippet:-1, max-image-preview:large, max-video-preview:-1\" \/>\n<link rel=\"canonical\" href=\"https:\/\/papelariashalon.com\/index.php\/sobre-nos\/\" \/>\n<meta property=\"og:locale\" content=\"pt_BR\" \/>\n<meta property=\"og:type\" content=\"article\" \/>\n<meta property=\"og:title\" content=\"Sobre n\u00f3s - Papelaria Shalon\" \/>\n<meta property=\"og:description\" content=\"Xerox; Revela\u00e7\u00e3o de foto; Foto 3X4; Material Escolar; Material para escrit\u00f3rio; Impress\u00e3o de documentos; Presentes; Utilidades para casa.\" \/>\n<meta property=\"og:url\" content=\"https:\/\/papelariashalon.com\/index.php\/sobre-nos\/\" \/>\n<meta property=\"og:site_name\" content=\"Papelaria Shalon\" \/>\n<meta property=\"article:modified_time\" content=\"2023-03-21T12:22:01+00:00\" \/>\n<meta property=\"og:image\" content=\"https:\/\/papelariashalon.com\/wp-content\/uploads\/2020\/08\/cropped-Papelaria-shalon.jpg\" \/>\n<meta name=\"twitter:card\" content=\"summary_large_image\" \/>\n<meta name=\"twitter:label1\" content=\"Est. tempo de leitura\" \/>\n\t<meta name=\"twitter:data1\" content=\"2 minutos\" \/>\n<script type=\"application\/ld+json\" class=\"yoast-schema-graph\">{\"@context\":\"https:\/\/schema.org\",\"@graph\":[{\"@type\":\"WebPage\",\"@id\":\"https:\/\/papelariashalon.com\/index.php\/sobre-nos\/\",\"url\":\"https:\/\/papelariashalon.com\/index.php\/sobre-nos\/\",\"name\":\"Sobre n\u00f3s - Papelaria Shalon\",\"isPartOf\":{\"@id\":\"https:\/\/papelariashalon.com\/#website\"},\"primaryImageOfPage\":{\"@id\":\"https:\/\/papelariashalon.com\/index.php\/sobre-nos\/#primaryimage\"},\"image\":{\"@id\":\"https:\/\/papelariashalon.com\/index.php\/sobre-nos\/#primaryimage\"},\"thumbnailUrl\":\"https:\/\/papelariashalon.com\/wp-content\/uploads\/2020\/08\/cropped-Papelaria-shalon.jpg\",\"datePublished\":\"2020-08-17T22:12:35+00:00\",\"dateModified\":\"2023-03-21T12:22:01+00:00\",\"description\":\"Xerox; Revela\u00e7\u00e3o de foto; Foto 3X4; Material Escolar; Material para escrit\u00f3rio; Impress\u00e3o de documentos; Presentes; Utilidades para casa.\",\"breadcrumb\":{\"@id\":\"https:\/\/papelariashalon.com\/index.php\/sobre-nos\/#breadcrumb\"},\"inLanguage\":\"pt-BR\",\"potentialAction\":[{\"@type\":\"ReadAction\",\"target\":[\"https:\/\/papelariashalon.com\/index.php\/sobre-nos\/\"]}]},{\"@type\":\"ImageObject\",\"inLanguage\":\"pt-BR\",\"@id\":\"https:\/\/papelariashalon.com\/index.php\/sobre-nos\/#primaryimage\",\"url\":\"https:\/\/papelariashalon.com\/wp-content\/uploads\/2020\/08\/cropped-Papelaria-shalon.jpg\",\"contentUrl\":\"https:\/\/papelariashalon.com\/wp-content\/uploads\/2020\/08\/cropped-Papelaria-shalon.jpg\",\"width\":448,\"height\":336,\"caption\":\"fotos prateleiras da papelaria\"},{\"@type\":\"BreadcrumbList\",\"@id\":\"https:\/\/papelariashalon.com\/index.php\/sobre-nos\/#breadcrumb\",\"itemListElement\":[{\"@type\":\"ListItem\",\"position\":1,\"name\":\"In\u00edcio\",\"item\":\"https:\/\/papelariashalon.com\/\"},{\"@type\":\"ListItem\",\"position\":2,\"name\":\"Sobre n\u00f3s\"}]},{\"@type\":\"WebSite\",\"@id\":\"https:\/\/papelariashalon.com\/#website\",\"url\":\"https:\/\/papelariashalon.com\/\",\"name\":\"Papelaria Shalon\",\"description\":\"A maior variedade de servi\u00e7os do bairro\",\"publisher\":{\"@id\":\"https:\/\/papelariashalon.com\/#organization\"},\"potentialAction\":[{\"@type\":\"SearchAction\",\"target\":{\"@type\":\"EntryPoint\",\"urlTemplate\":\"https:\/\/papelariashalon.com\/?s={search_term_string}\"},\"query-input\":{\"@type\":\"PropertyValueSpecification\",\"valueRequired\":true,\"valueName\":\"search_term_string\"}}],\"inLanguage\":\"pt-BR\"},{\"@type\":\"Organization\",\"@id\":\"https:\/\/papelariashalon.com\/#organization\",\"name\":\"Papelaria Shalon\",\"url\":\"https:\/\/papelariashalon.com\/\",\"logo\":{\"@type\":\"ImageObject\",\"inLanguage\":\"pt-BR\",\"@id\":\"https:\/\/papelariashalon.com\/#\/schema\/logo\/image\/\",\"url\":\"https:\/\/papelariashalon.com\/wp-content\/uploads\/2020\/08\/logo-shalon.png\",\"contentUrl\":\"https:\/\/papelariashalon.com\/wp-content\/uploads\/2020\/08\/logo-shalon.png\",\"width\":400,\"height\":170,\"caption\":\"Papelaria Shalon\"},\"image\":{\"@id\":\"https:\/\/papelariashalon.com\/#\/schema\/logo\/image\/\"}}]}<\/script>\n<!-- \/ Yoast SEO plugin. -->","yoast_head_json":{"title":"Sobre n\u00f3s - Papelaria Shalon","description":"Xerox; Revela\u00e7\u00e3o de foto; Foto 3X4; Material Escolar; Material para escrit\u00f3rio; Impress\u00e3o de documentos; Presentes; Utilidades para casa.","robots":{"index":"index","follow":"follow","max-snippet":"max-snippet:-1","max-image-preview":"max-image-preview:large","max-video-preview":"max-video-preview:-1"},"canonical":"https:\/\/papelariashalon.com\/index.php\/sobre-nos\/","og_locale":"pt_BR","og_type":"article","og_title":"Sobre n\u00f3s - Papelaria Shalon","og_description":"Xerox; Revela\u00e7\u00e3o de foto; Foto 3X4; Material Escolar; Material para escrit\u00f3rio; Impress\u00e3o de documentos; Presentes; Utilidades para casa.","og_url":"https:\/\/papelariashalon.com\/index.php\/sobre-nos\/","og_site_name":"Papelaria Shalon","article_modified_time":"2023-03-21T12:22:01+00:00","og_image":[{"url":"https:\/\/papelariashalon.com\/wp-content\/uploads\/2020\/08\/cropped-Papelaria-shalon.jpg","type":"","width":"","height":""}],"twitter_card":"summary_large_image","twitter_misc":{"Est. tempo de leitura":"2 minutos"},"schema":{"@context":"https:\/\/schema.org","@graph":[{"@type":"WebPage","@id":"https:\/\/papelariashalon.com\/index.php\/sobre-nos\/","url":"https:\/\/papelariashalon.com\/index.php\/sobre-nos\/","name":"Sobre n\u00f3s - Papelaria Shalon","isPartOf":{"@id":"https:\/\/papelariashalon.com\/#website"},"primaryImageOfPage":{"@id":"https:\/\/papelariashalon.com\/index.php\/sobre-nos\/#primaryimage"},"image":{"@id":"https:\/\/papelariashalon.com\/index.php\/sobre-nos\/#primaryimage"},"thumbnailUrl":"https:\/\/papelariashalon.com\/wp-content\/uploads\/2020\/08\/cropped-Papelaria-shalon.jpg","datePublished":"2020-08-17T22:12:35+00:00","dateModified":"2023-03-21T12:22:01+00:00","description":"Xerox; Revela\u00e7\u00e3o de foto; Foto 3X4; Material Escolar; Material para escrit\u00f3rio; Impress\u00e3o de documentos; Presentes; Utilidades para casa.","breadcrumb":{"@id":"https:\/\/papelariashalon.com\/index.php\/sobre-nos\/#breadcrumb"},"inLanguage":"pt-BR","potentialAction":[{"@type":"ReadAction","target":["https:\/\/papelariashalon.com\/index.php\/sobre-nos\/"]}]},{"@type":"ImageObject","inLanguage":"pt-BR","@id":"https:\/\/papelariashalon.com\/index.php\/sobre-nos\/#primaryimage","url":"https:\/\/papelariashalon.com\/wp-content\/uploads\/2020\/08\/cropped-Papelaria-shalon.jpg","contentUrl":"https:\/\/papelariashalon.com\/wp-content\/uploads\/2020\/08\/cropped-Papelaria-shalon.jpg","width":448,"height":336,"caption":"fotos prateleiras da papelaria"},{"@type":"BreadcrumbList","@id":"https:\/\/papelariashalon.com\/index.php\/sobre-nos\/#breadcrumb","itemListElement":[{"@type":"ListItem","position":1,"name":"In\u00edcio","item":"https:\/\/papelariashalon.com\/"},{"@type":"ListItem","position":2,"name":"Sobre n\u00f3s"}]},{"@type":"WebSite","@id":"https:\/\/papelariashalon.com\/#website","url":"https:\/\/papelariashalon.com\/","name":"Papelaria Shalon","description":"A maior variedade de servi\u00e7os do bairro","publisher":{"@id":"https:\/\/papelariashalon.com\/#organization"},"potentialAction":[{"@type":"SearchAction","target":{"@type":"EntryPoint","urlTemplate":"https:\/\/papelariashalon.com\/?s={search_term_string}"},"query-input":{"@type":"PropertyValueSpecification","valueRequired":true,"valueName":"search_term_string"}}],"inLanguage":"pt-BR"},{"@type":"Organization","@id":"https:\/\/papelariashalon.com\/#organization","name":"Papelaria Shalon","url":"https:\/\/papelariashalon.com\/","logo":{"@type":"ImageObject","inLanguage":"pt-BR","@id":"https:\/\/papelariashalon.com\/#\/schema\/logo\/image\/","url":"https:\/\/papelariashalon.com\/wp-content\/uploads\/2020\/08\/logo-shalon.png","contentUrl":"https:\/\/papelariashalon.com\/wp-content\/uploads\/2020\/08\/logo-shalon.png","width":400,"height":170,"caption":"Papelaria Shalon"},"image":{"@id":"https:\/\/papelariashalon.com\/#\/schema\/logo\/image\/"}}]}},"jetpack_sharing_enabled":true,"_links":{"self":[{"href":"https:\/\/papelariashalon.com\/index.php\/wp-json\/wp\/v2\/pages\/135","targetHints":{"allow":["GET"]}}],"collection":[{"href":"https:\/\/papelariashalon.com\/index.php\/wp-json\/wp\/v2\/pages"}],"about":[{"href":"https:\/\/papelariashalon.com\/index.php\/wp-json\/wp\/v2\/types\/page"}],"author":[{"embeddable":true,"href":"https:\/\/papelariashalon.com\/index.php\/wp-json\/wp\/v2\/users\/1"}],"replies":[{"embeddable":true,"href":"https:\/\/papelariashalon.com\/index.php\/wp-json\/wp\/v2\/comments?post=135"}],"version-history":[{"count":13,"href":"https:\/\/papelariashalon.com\/index.php\/wp-json\/wp\/v2\/pages\/135\/revisions"}],"predecessor-version":[{"id":1440,"href":"https:\/\/papelariashalon.com\/index.php\/wp-json\/wp\/v2\/pages\/135\/revisions\/1440"}],"wp:attachment":[{"href":"https:\/\/papelariashalon.com\/index.php\/wp-json\/wp\/v2\/media?parent=135"}],"curies":[{"name":"wp","href":"https:\/\/api.w.org\/{rel}","templated":true}]}}