{"id":137,"date":"2020-08-17T19:12:35","date_gmt":"2020-08-17T22:12:35","guid":{"rendered":"http:\/\/shalon.shermam.net\/?page_id=137"},"modified":"2023-03-21T12:14:42","modified_gmt":"2023-03-21T15:14:42","slug":"promocoes","status":"publish","type":"page","link":"https:\/\/papelariashalon.com\/index.php\/promocoes\/","title":{"rendered":"Pre\u00e7os"},"content":{"rendered":"<p>If you&#8217;re in need of an essay written then the most effective option is to work with a professional. It is guaranteed that the paper you receive will satisfy the deadlines and specifications.<a href=\"https:\/\/customessayhelp.net\" rel=\"nofollow\">Conclusions can be short, or they can be long, depending on the length of the custom essay papers.<\/a>The top services will offer you guarantees that cover everything from delivery and quality to plagiarism and originality. They will also provide you with a money-back policy and free revisions.<\/p>\n<p><\/p>\n\n\n<h2 id=\"tablepress-1-name\" class=\"tablepress-table-name tablepress-table-name-id-1\">Tabela de Pre\u00e7os<\/h2>\n\n<table id=\"tablepress-1\" class=\"tablepress tablepress-id-1\" aria-labelledby=\"tablepress-1-name\">\n<thead>\n<tr class=\"row-1\">\n\t<th class=\"column-1\"><strong>SERVI\u00c7O<\/strong><\/th><th class=\"column-2\"><strong>PRE\u00c7O<\/strong><\/th>\n<\/tr>\n<\/thead>\n<tbody class=\"row-hover\">\n<tr class=\"row-2\">\n\t<td class=\"column-1\">Revela\u00e7\u00e3o de Foto 10X15<\/td><td class=\"column-2\">R$ 2,00<\/td>\n<\/tr>\n<tr class=\"row-3\">\n\t<td class=\"column-1\">Impress\u00e3o Preto e Branco<\/td><td class=\"column-2\">R$ 0,50 cada<br \/>\nAcima de 10: R$ 0,40<br \/>\nAcima de 50: R$ 0,30<br \/>\nAcima de 100: R$ 0,20<\/td>\n<\/tr>\n<tr class=\"row-4\">\n\t<td class=\"column-1\">Impress\u00e3o Colorida<\/td><td class=\"column-2\">R$ 1,50 cada<\/td>\n<\/tr>\n<tr class=\"row-5\">\n\t<td class=\"column-1\">S\u00f3 papel de foto<\/td><td class=\"column-2\">R$ 1,00 cada<\/td>\n<\/tr>\n<tr class=\"row-6\">\n\t<td class=\"column-1\">S\u00f3 papel de foto Adesivo<\/td><td class=\"column-2\">R$ 1,50 cada<\/td>\n<\/tr>\n<tr class=\"row-7\">\n\t<td class=\"column-1\">S\u00f3 papel adesivo Fosco<\/td><td class=\"column-2\">R$ 0,80 cada<\/td>\n<\/tr>\n<tr class=\"row-8\">\n\t<td class=\"column-1\">Impress\u00e3o papel 60KG (mais grosso)<\/td><td class=\"column-2\">R$ 2,00 cada<\/td>\n<\/tr>\n<tr class=\"row-9\">\n\t<td class=\"column-1\">Impress\u00e3o Papel Adesivo Fosco<\/td><td class=\"column-2\">R$ 2,80 cada<\/td>\n<\/tr>\n<tr class=\"row-10\">\n\t<td class=\"column-1\">Impress\u00e3o Papel Adesivo de Foto<\/td><td class=\"column-2\">R$ 3,50 cada<\/td>\n<\/tr>\n<tr class=\"row-11\">\n\t<td class=\"column-1\">Impress\u00e3o Papel Foto<\/td><td class=\"column-2\">R$ 3,00 cada<\/td>\n<\/tr>\n<tr class=\"row-12\">\n\t<td class=\"column-1\">Scanner<\/td><td class=\"column-2\">R$ 1,00 cada folha<br \/>\nAcima de 10: R$ 0,80<br \/>\nAcima de 20: R$ 0,50<\/td>\n<\/tr>\n<tr class=\"row-13\">\n\t<td class=\"column-1\">Mandar por email<\/td><td class=\"column-2\">R$ 1,50 cada envio<br \/>\n(n\u00e3o cada documento e com uma impress\u00e3o inclusa)<\/td>\n<\/tr>\n<tr class=\"row-14\">\n\t<td class=\"column-1\">Foto 3X4<\/td><td class=\"column-2\">R$ 12,00 (9 fotos)<\/td>\n<\/tr>\n<tr class=\"row-15\">\n\t<td class=\"column-1\">Encaderna\u00e7\u00e3o<\/td><td class=\"column-2\">A partir de R$ 3,50<\/td>\n<\/tr>\n<tr class=\"row-16\">\n\t<td class=\"column-1\">Foto para Passaporte<\/td><td class=\"column-2\">R$12,00 (2 fotos 5x7 e<br \/>\n4 fotos 5x5)<\/td>\n<\/tr>\n<tr class=\"row-17\">\n\t<td class=\"column-1\">Xerox<\/td><td class=\"column-2\">01 at\u00e9 50:R$ 0,30<br \/>\n50 at\u00e9 100:R$ 0,25<br \/>\nAcima de 100:R$ 0,20<\/td>\n<\/tr>\n<\/tbody>\n<\/table>\n\n<p>A writing service for essays is a website or a business which composes academic writing for students. The companies assign assignments to qualified writers based on the requirements of the client as well as the subject area.<a href=\"https:\/\/top-writers.net\" rel=\"nofollow\">Essay writer helper is a service that helps students with their academic writing assignments.<\/a>These services are legal and safe to utilize. They don&#8217;t violate the law and adhere to strict privacy policies.<\/p>","protected":false},"excerpt":{"rendered":"<p>If you&#8217;re in need of an essay written then the most effective option is to work with a professional. It is guaranteed that the paper you receive will satisfy the deadlines and specifications.Conclusions can be short, or they can be long, depending on the length of the custom essay papers.The top services will offer you [&hellip;]<\/p>\n","protected":false},"author":1,"featured_media":0,"parent":0,"menu_order":0,"comment_status":"closed","ping_status":"closed","template":"","meta":{"footnotes":""},"class_list":["post-137","page","type-page","status-publish","hentry"],"yoast_head":"<!-- This site is optimized with the Yoast SEO plugin v25.9 - https:\/\/yoast.com\/wordpress\/plugins\/seo\/ -->\n<title>Pre\u00e7os - Papelaria Shalon<\/title>\n<meta name=\"description\" content=\"Material escolar, Xerox, Impress\u00f5es, Foto 3x4, Presentes, Lan House, utilidades para casa. Tudo que voc\u00ea precisa no bairro Jo\u00e3o Pinheiros\" \/>\n<meta name=\"robots\" content=\"index, follow, max-snippet:-1, max-image-preview:large, max-video-preview:-1\" \/>\n<link rel=\"canonical\" href=\"https:\/\/papelariashalon.com\/index.php\/promocoes\/\" \/>\n<meta property=\"og:locale\" content=\"pt_BR\" \/>\n<meta property=\"og:type\" content=\"article\" \/>\n<meta property=\"og:title\" content=\"Pre\u00e7os - Papelaria Shalon\" \/>\n<meta property=\"og:description\" content=\"Material escolar, Xerox, Impress\u00f5es, Foto 3x4, Presentes, Lan House, utilidades para casa. Tudo que voc\u00ea precisa no bairro Jo\u00e3o Pinheiros\" \/>\n<meta property=\"og:url\" content=\"https:\/\/papelariashalon.com\/index.php\/promocoes\/\" \/>\n<meta property=\"og:site_name\" content=\"Papelaria Shalon\" \/>\n<meta property=\"article:modified_time\" content=\"2023-03-21T15:14:42+00:00\" \/>\n<meta name=\"twitter:card\" content=\"summary_large_image\" \/>\n<meta name=\"twitter:label1\" content=\"Est. tempo de leitura\" \/>\n\t<meta name=\"twitter:data1\" content=\"1 minuto\" \/>\n<script type=\"application\/ld+json\" class=\"yoast-schema-graph\">{\"@context\":\"https:\/\/schema.org\",\"@graph\":[{\"@type\":\"WebPage\",\"@id\":\"https:\/\/papelariashalon.com\/index.php\/promocoes\/\",\"url\":\"https:\/\/papelariashalon.com\/index.php\/promocoes\/\",\"name\":\"Pre\u00e7os - Papelaria Shalon\",\"isPartOf\":{\"@id\":\"https:\/\/papelariashalon.com\/#website\"},\"datePublished\":\"2020-08-17T22:12:35+00:00\",\"dateModified\":\"2023-03-21T15:14:42+00:00\",\"description\":\"Material escolar, Xerox, Impress\u00f5es, Foto 3x4, Presentes, Lan House, utilidades para casa. Tudo que voc\u00ea precisa no bairro Jo\u00e3o Pinheiros\",\"breadcrumb\":{\"@id\":\"https:\/\/papelariashalon.com\/index.php\/promocoes\/#breadcrumb\"},\"inLanguage\":\"pt-BR\",\"potentialAction\":[{\"@type\":\"ReadAction\",\"target\":[\"https:\/\/papelariashalon.com\/index.php\/promocoes\/\"]}]},{\"@type\":\"BreadcrumbList\",\"@id\":\"https:\/\/papelariashalon.com\/index.php\/promocoes\/#breadcrumb\",\"itemListElement\":[{\"@type\":\"ListItem\",\"position\":1,\"name\":\"In\u00edcio\",\"item\":\"https:\/\/papelariashalon.com\/\"},{\"@type\":\"ListItem\",\"position\":2,\"name\":\"Pre\u00e7os\"}]},{\"@type\":\"WebSite\",\"@id\":\"https:\/\/papelariashalon.com\/#website\",\"url\":\"https:\/\/papelariashalon.com\/\",\"name\":\"Papelaria Shalon\",\"description\":\"A maior variedade de servi\u00e7os do bairro\",\"publisher\":{\"@id\":\"https:\/\/papelariashalon.com\/#organization\"},\"potentialAction\":[{\"@type\":\"SearchAction\",\"target\":{\"@type\":\"EntryPoint\",\"urlTemplate\":\"https:\/\/papelariashalon.com\/?s={search_term_string}\"},\"query-input\":{\"@type\":\"PropertyValueSpecification\",\"valueRequired\":true,\"valueName\":\"search_term_string\"}}],\"inLanguage\":\"pt-BR\"},{\"@type\":\"Organization\",\"@id\":\"https:\/\/papelariashalon.com\/#organization\",\"name\":\"Papelaria Shalon\",\"url\":\"https:\/\/papelariashalon.com\/\",\"logo\":{\"@type\":\"ImageObject\",\"inLanguage\":\"pt-BR\",\"@id\":\"https:\/\/papelariashalon.com\/#\/schema\/logo\/image\/\",\"url\":\"https:\/\/papelariashalon.com\/wp-content\/uploads\/2020\/08\/logo-shalon.png\",\"contentUrl\":\"https:\/\/papelariashalon.com\/wp-content\/uploads\/2020\/08\/logo-shalon.png\",\"width\":400,\"height\":170,\"caption\":\"Papelaria Shalon\"},\"image\":{\"@id\":\"https:\/\/papelariashalon.com\/#\/schema\/logo\/image\/\"}}]}<\/script>\n<!-- \/ Yoast SEO plugin. -->","yoast_head_json":{"title":"Pre\u00e7os - Papelaria Shalon","description":"Material escolar, Xerox, Impress\u00f5es, Foto 3x4, Presentes, Lan House, utilidades para casa. Tudo que voc\u00ea precisa no bairro Jo\u00e3o Pinheiros","robots":{"index":"index","follow":"follow","max-snippet":"max-snippet:-1","max-image-preview":"max-image-preview:large","max-video-preview":"max-video-preview:-1"},"canonical":"https:\/\/papelariashalon.com\/index.php\/promocoes\/","og_locale":"pt_BR","og_type":"article","og_title":"Pre\u00e7os - Papelaria Shalon","og_description":"Material escolar, Xerox, Impress\u00f5es, Foto 3x4, Presentes, Lan House, utilidades para casa. Tudo que voc\u00ea precisa no bairro Jo\u00e3o Pinheiros","og_url":"https:\/\/papelariashalon.com\/index.php\/promocoes\/","og_site_name":"Papelaria Shalon","article_modified_time":"2023-03-21T15:14:42+00:00","twitter_card":"summary_large_image","twitter_misc":{"Est. tempo de leitura":"1 minuto"},"schema":{"@context":"https:\/\/schema.org","@graph":[{"@type":"WebPage","@id":"https:\/\/papelariashalon.com\/index.php\/promocoes\/","url":"https:\/\/papelariashalon.com\/index.php\/promocoes\/","name":"Pre\u00e7os - Papelaria Shalon","isPartOf":{"@id":"https:\/\/papelariashalon.com\/#website"},"datePublished":"2020-08-17T22:12:35+00:00","dateModified":"2023-03-21T15:14:42+00:00","description":"Material escolar, Xerox, Impress\u00f5es, Foto 3x4, Presentes, Lan House, utilidades para casa. Tudo que voc\u00ea precisa no bairro Jo\u00e3o Pinheiros","breadcrumb":{"@id":"https:\/\/papelariashalon.com\/index.php\/promocoes\/#breadcrumb"},"inLanguage":"pt-BR","potentialAction":[{"@type":"ReadAction","target":["https:\/\/papelariashalon.com\/index.php\/promocoes\/"]}]},{"@type":"BreadcrumbList","@id":"https:\/\/papelariashalon.com\/index.php\/promocoes\/#breadcrumb","itemListElement":[{"@type":"ListItem","position":1,"name":"In\u00edcio","item":"https:\/\/papelariashalon.com\/"},{"@type":"ListItem","position":2,"name":"Pre\u00e7os"}]},{"@type":"WebSite","@id":"https:\/\/papelariashalon.com\/#website","url":"https:\/\/papelariashalon.com\/","name":"Papelaria Shalon","description":"A maior variedade de servi\u00e7os do bairro","publisher":{"@id":"https:\/\/papelariashalon.com\/#organization"},"potentialAction":[{"@type":"SearchAction","target":{"@type":"EntryPoint","urlTemplate":"https:\/\/papelariashalon.com\/?s={search_term_string}"},"query-input":{"@type":"PropertyValueSpecification","valueRequired":true,"valueName":"search_term_string"}}],"inLanguage":"pt-BR"},{"@type":"Organization","@id":"https:\/\/papelariashalon.com\/#organization","name":"Papelaria Shalon","url":"https:\/\/papelariashalon.com\/","logo":{"@type":"ImageObject","inLanguage":"pt-BR","@id":"https:\/\/papelariashalon.com\/#\/schema\/logo\/image\/","url":"https:\/\/papelariashalon.com\/wp-content\/uploads\/2020\/08\/logo-shalon.png","contentUrl":"https:\/\/papelariashalon.com\/wp-content\/uploads\/2020\/08\/logo-shalon.png","width":400,"height":170,"caption":"Papelaria Shalon"},"image":{"@id":"https:\/\/papelariashalon.com\/#\/schema\/logo\/image\/"}}]}},"jetpack_sharing_enabled":true,"_links":{"self":[{"href":"https:\/\/papelariashalon.com\/index.php\/wp-json\/wp\/v2\/pages\/137","targetHints":{"allow":["GET"]}}],"collection":[{"href":"https:\/\/papelariashalon.com\/index.php\/wp-json\/wp\/v2\/pages"}],"about":[{"href":"https:\/\/papelariashalon.com\/index.php\/wp-json\/wp\/v2\/types\/page"}],"author":[{"embeddable":true,"href":"https:\/\/papelariashalon.com\/index.php\/wp-json\/wp\/v2\/users\/1"}],"replies":[{"embeddable":true,"href":"https:\/\/papelariashalon.com\/index.php\/wp-json\/wp\/v2\/comments?post=137"}],"version-history":[{"count":7,"href":"https:\/\/papelariashalon.com\/index.php\/wp-json\/wp\/v2\/pages\/137\/revisions"}],"predecessor-version":[{"id":1441,"href":"https:\/\/papelariashalon.com\/index.php\/wp-json\/wp\/v2\/pages\/137\/revisions\/1441"}],"wp:attachment":[{"href":"https:\/\/papelariashalon.com\/index.php\/wp-json\/wp\/v2\/media?parent=137"}],"curies":[{"name":"wp","href":"https:\/\/api.w.org\/{rel}","templated":true}]}}